{"id":28,"date":"2020-05-03T21:37:10","date_gmt":"2020-05-03T19:37:10","guid":{"rendered":"https:\/\/www.silena.biz\/handels-gmbh\/?page_id=28"},"modified":"2024-05-07T09:07:23","modified_gmt":"2024-05-07T07:07:23","slug":"impressum","status":"publish","type":"page","link":"https:\/\/www.silena.biz\/handels-gmbh\/impressum\/","title":{"rendered":"Impressum"},"content":{"rendered":"<div class=\"fusion-fullwidth fullwidth-box fusion-builder-row-1 nonhundred-percent-fullwidth non-hundred-percent-height-scrolling\"  style='background-color: rgba(255,255,255,0);background-position: center center;background-repeat: no-repeat;padding-top:0px;padding-right:0px;padding-bottom:0px;padding-left:0px;'><div class=\"fusion-builder-row fusion-row \"><div  class=\"fusion-layout-column fusion_builder_column fusion_builder_column_1_1 fusion-builder-column-0 fusion-one-full fusion-column-first fusion-column-last 1_1\"  style='margin-top:0px;margin-bottom:0px;'><div class=\"fusion-column-wrapper\" style=\"padding: 0px 0px 0px 0px;background-position:left top;background-repeat:no-repeat;-webkit-background-size:cover;-moz-background-size:cover;-o-background-size:cover;background-size:cover;\"   data-bg-url=\"\"><div class=\"fusion-text\"><h2>IMPRESSUM<\/h2>\n<div class=\"entry-content\">\n<p>SILENA Handels GmbH<br \/>\nc\/o Dr. Jarden Kranz<br \/>\nRheinstra\u00dfe 22<br \/>\n60325 Frankfurt<\/p>\n<p>E-Mail: info@silena.biz<br \/>\nTelefon: 0173 \/ 8308130<\/p>\n<p><strong>Registerangaben:<\/strong><br \/>\nDie Silena GmbH ist im Handelsregister beim Amtsgericht Berlin-Charlottenburg eingetragen.<br \/>\nRegisternummer: HRB 44697<\/p>\n<p><strong>Umsatzsteueridentifikationsnummer:<\/strong><br \/>\ngem\u00e4\u00df \u00a7 27 Umsatzsteuergesetz: DE 153645818<\/p>\n<p><strong>Vertretungsberechtigter Gesch\u00e4ftsf\u00fchrer:<\/strong><br \/>\nDr. Jarden Kranz<\/p>\n<p><strong>Inhaltlich verantwortlich gem\u00e4\u00df \u00a75 DDG:<\/strong><br \/>\nDr. Jarden Kranz<\/p>\n<p><strong>Haftungshinweis:<\/strong><br \/>\nDiese Website enth\u00e4lt Links auf externe Internetseiten. Ebenso k\u00f6nnen solche Internetseiten einen Link auf diese Website enthalten. Trotz sorgf\u00e4ltiger inhaltlicher Kontrolle \u00fcbernimmt die Silena GmbH keine Haftung f\u00fcr die Inhalte externer Links. F\u00fcr den Inhalt der verlinkten Seiten sind ausschlie\u00dflich deren Betreiber verantwortlich.<\/p>\n<p><strong>Urheber-, Marken- und sonstige Leistungsschutzrechte:<\/strong><br \/>\nDie Inhalte der Silena GmbH Website sind urheberrechtlich gesch\u00fctzt. Texte, Bilder und Grafiken dieser Website d\u00fcrfen ohne vorherige schriftliche Zustimmung von der Silena GmbH in keiner Form verwendet oder reproduziert werden.<\/p>\n<p><strong>Rechtliche Hinweise:<\/strong><br \/>\nDie Silena GmbH pr\u00fcft und aktualisiert die Informationen auf ihren Webseiten st\u00e4ndig. Trotz aller Sorgfalt k\u00f6nnen sich die Daten inzwischen ver\u00e4ndert haben. Eine Haftung oder Garantie f\u00fcr die Aktualit\u00e4t, Richtigkeit und Vollst\u00e4ndigkeit der zur Verf\u00fcgung gestellten Informationen kann daher nicht \u00fcbernommen werden. Gleiches gilt auch f\u00fcr alle anderen Webseiten, auf die mittels Hyperlink verwiesen wird. Die Silena GmbH ist f\u00fcr den Inhalt der Webseiten, die aufgrund einer solchen Verbindung erreicht werden, nicht verantwortlich.<\/p>\n<\/div>\n<\/div><div class=\"fusion-clearfix\"><\/div><\/div><\/div><\/div><\/div>\n","protected":false},"excerpt":{"rendered":"","protected":false},"author":1,"featured_media":0,"parent":0,"menu_order":0,"comment_status":"closed","ping_status":"closed","template":"","meta":{"footnotes":""},"class_list":["post-28","page","type-page","status-publish","hentry"],"_links":{"self":[{"href":"https:\/\/www.silena.biz\/handels-gmbh\/wp-json\/wp\/v2\/pages\/28","targetHints":{"allow":["GET"]}}],"collection":[{"href":"https:\/\/www.silena.biz\/handels-gmbh\/wp-json\/wp\/v2\/pages"}],"about":[{"href":"https:\/\/www.silena.biz\/handels-gmbh\/wp-json\/wp\/v2\/types\/page"}],"author":[{"embeddable":true,"href":"https:\/\/www.silena.biz\/handels-gmbh\/wp-json\/wp\/v2\/users\/1"}],"replies":[{"embeddable":true,"href":"https:\/\/www.silena.biz\/handels-gmbh\/wp-json\/wp\/v2\/comments?post=28"}],"version-history":[{"count":5,"href":"https:\/\/www.silena.biz\/handels-gmbh\/wp-json\/wp\/v2\/pages\/28\/revisions"}],"predecessor-version":[{"id":191,"href":"https:\/\/www.silena.biz\/handels-gmbh\/wp-json\/wp\/v2\/pages\/28\/revisions\/191"}],"wp:attachment":[{"href":"https:\/\/www.silena.biz\/handels-gmbh\/wp-json\/wp\/v2\/media?parent=28"}],"curies":[{"name":"wp","href":"https:\/\/api.w.org\/{rel}","templated":true}]}}