{"id":17,"date":"2020-05-03T21:09:46","date_gmt":"2020-05-03T19:09:46","guid":{"rendered":"https:\/\/www.silena.biz\/handels-gmbh\/?page_id=17"},"modified":"2020-05-06T19:14:59","modified_gmt":"2020-05-06T17:14:59","slug":"it-cyber-und-digitalisierung","status":"publish","type":"page","link":"https:\/\/www.silena.biz\/handels-gmbh\/it-cyber-und-digitalisierung\/","title":{"rendered":"IT\/Cyber und Digitalisierung"},"content":{"rendered":"<div class=\"fusion-fullwidth fullwidth-box fusion-builder-row-1 nonhundred-percent-fullwidth non-hundred-percent-height-scrolling\"  style='background-color: rgba(255,255,255,0);background-position: center center;background-repeat: no-repeat;padding-top:0px;padding-right:0px;padding-bottom:0px;padding-left:0px;'><div class=\"fusion-builder-row fusion-row \"><div  class=\"fusion-layout-column fusion_builder_column fusion_builder_column_1_1 fusion-builder-column-0 fusion-one-full fusion-column-first fusion-column-last 1_1\"  style='margin-top:0px;margin-bottom:0px;'><div class=\"fusion-column-wrapper\" style=\"background-color:#ffffff;padding: 10px 10px 10px 10px;background-position:left top;background-repeat:no-repeat;-webkit-background-size:cover;-moz-background-size:cover;-o-background-size:cover;background-size:cover;\"   data-bg-url=\"\"><div class=\"fusion-text\"><h2>IT\/Cyber und Digitalisierung<\/h2>\n<p>Der Bedarf an Cyber- und Informationssicherheitsdienstleistungen in den marktrelevanten Sektoren von Wirtschaft und Institutionen hat in den letzten Jahren enorm zugenommen und wird weiter zunehmen. Vor diesem Hintergrund der zunehmend vielf\u00e4ltigen und fortgeschrittenen Cyber-Angriffe, gilt es innovative Dienstleistungen zu entwickeln, um potentielle Kunden zu unterst\u00fctzen und der dynamischen Bedrohungslandschaft effektiv entgegenzuwirken. In Zusammenarbeit mit den Experten soll die fortschreitende Komplexit\u00e4t und Aggressivit\u00e4t von Cyber-Angriffen wirksam zu erkennen, zu analysieren, zu verhindern und, wenn n\u00f6tig, effizient darauf zu reagieren sein.<\/p>\n<ol>\n<li>Cyberkriminalit\u00e4t, wie auch die Abwehr dieser Bedrohung, sind weltweit Themen, die auch in Deutschland angekommen sind. Israel gilt auf diesem Feld als f\u00fchrend. Unsere T\u00e4tigkeit in diesem Zusammenhang dient der Herstellung von entsprechenden Kontakten zu einschl\u00e4gigen High-Tech Firmen sowie der Vermittlung von Security-Experten im Bereich von Cyber und IT. Unsere Aufgabe ist es, die jeweiligen Unternehmen dabei zu unterst\u00fctzen, ihre strategischen Ziele nicht gef\u00e4hrden zu lassen und damit ihren Gesch\u00e4ftsbereich zu sichern. Die Fachleute, mit denen wir zusammenarbeiten, verf\u00fcgen dabei \u00fcber einen Standard von Branchenwissen, wie er auf diesem Level auch im milit\u00e4rischen Bereich gefordert ist.<\/li>\n<li>Wir vertreten israelische Unternehmen im Bereich von Digitalisierung und begleiten entsprechend spezialisierte Start-Ups bei Markteintritt und Akquise. Insbesondere handelt es sich dabei um die Entwicklung plattformbasierter Software, mit der Formulare digital be- und verarbeitet werden. Interessenten daf\u00fcr sind Banken, Versicherungen, Finanzdienstleister, Kommunen sowie private Institute und \u00f6ffentliche Einrichtungen.<\/li>\n<\/ol>\n<\/div><div class=\"fusion-sep-clear\"><\/div><div class=\"fusion-separator fusion-full-width-sep sep-none\" style=\"margin-left: auto;margin-right: auto;margin-top:20px;margin-bottom:20px;\"><\/div><div class=\"fusion-button-wrapper fusion-aligncenter\"><style type=\"text\/css\">.fusion-button.button-1 {border-radius:0px;}<\/style><a class=\"fusion-button button-flat fusion-button-default-size button-default button-1 fusion-button-default-span \" target=\"_self\" href=\"https:\/\/www.silena.biz\/handels-gmbh\/kompetenzen\/\"><i class=\"fa-angle-left fas button-icon-left\"><\/i><span class=\"fusion-button-text\">Zur\u00fcck<\/span><\/a><\/div><div class=\"fusion-clearfix\"><\/div><\/div><\/div><\/div><\/div>\n","protected":false},"excerpt":{"rendered":"","protected":false},"author":1,"featured_media":0,"parent":0,"menu_order":0,"comment_status":"closed","ping_status":"closed","template":"","meta":{"footnotes":""},"class_list":["post-17","page","type-page","status-publish","hentry"],"_links":{"self":[{"href":"https:\/\/www.silena.biz\/handels-gmbh\/wp-json\/wp\/v2\/pages\/17","targetHints":{"allow":["GET"]}}],"collection":[{"href":"https:\/\/www.silena.biz\/handels-gmbh\/wp-json\/wp\/v2\/pages"}],"about":[{"href":"https:\/\/www.silena.biz\/handels-gmbh\/wp-json\/wp\/v2\/types\/page"}],"author":[{"embeddable":true,"href":"https:\/\/www.silena.biz\/handels-gmbh\/wp-json\/wp\/v2\/users\/1"}],"replies":[{"embeddable":true,"href":"https:\/\/www.silena.biz\/handels-gmbh\/wp-json\/wp\/v2\/comments?post=17"}],"version-history":[{"count":8,"href":"https:\/\/www.silena.biz\/handels-gmbh\/wp-json\/wp\/v2\/pages\/17\/revisions"}],"predecessor-version":[{"id":153,"href":"https:\/\/www.silena.biz\/handels-gmbh\/wp-json\/wp\/v2\/pages\/17\/revisions\/153"}],"wp:attachment":[{"href":"https:\/\/www.silena.biz\/handels-gmbh\/wp-json\/wp\/v2\/media?parent=17"}],"curies":[{"name":"wp","href":"https:\/\/api.w.org\/{rel}","templated":true}]}}