{"id":14,"date":"2020-05-03T21:07:58","date_gmt":"2020-05-03T19:07:58","guid":{"rendered":"https:\/\/www.silena.biz\/handels-gmbh\/?page_id=14"},"modified":"2020-05-06T19:05:19","modified_gmt":"2020-05-06T17:05:19","slug":"immobilien","status":"publish","type":"page","link":"https:\/\/www.silena.biz\/handels-gmbh\/immobilien\/","title":{"rendered":"Immobilien"},"content":{"rendered":"<div class=\"fusion-fullwidth fullwidth-box fusion-builder-row-1 nonhundred-percent-fullwidth non-hundred-percent-height-scrolling\"  style='background-color: rgba(255,255,255,0);background-position: center center;background-repeat: no-repeat;padding-top:0px;padding-right:0px;padding-bottom:0px;padding-left:0px;'><div class=\"fusion-builder-row fusion-row \"><div  class=\"fusion-layout-column fusion_builder_column fusion_builder_column_1_1 fusion-builder-column-0 fusion-one-full fusion-column-first fusion-column-last 1_1\"  style='margin-top:0px;margin-bottom:20px;'><div class=\"fusion-column-wrapper\" style=\"background-color:#ffffff;padding: 20px 20px 20px 20px;background-position:left top;background-repeat:no-repeat;-webkit-background-size:cover;-moz-background-size:cover;-o-background-size:cover;background-size:cover;\"   data-bg-url=\"\"><div class=\"fusion-text\"><h2>Immobilien<\/h2>\n<p>Da die Komplexit\u00e4t von Transaktionen mit den sich permanent ver\u00e4ndernden \u00f6konomischen, juristischen und finanziellen Marktbedingungen steigt, sind alle T\u00e4tigkeiten im Immobilientransaktionssektor von zunehmend hohen Anforderungen gekennzeichnet.<br \/>\nVoraussetzung daf\u00fcr, dass ein gesteigerter Bedarf an professioneller Beratung bei der Abwicklung von Transaktionen optimal gedeckt werden kann, sind neben breitgef\u00e4cherten Kenntnissen und langj\u00e4hriger Erfahrung, insbesondere pr\u00e4zise F\u00e4higkeiten zur Markteinsch\u00e4tzung und zur Identifizierung von Potentialen und Risiken. Diese werden komplettiert durch einen ganzheitlichen, faktenbasierten Beratungsansatz, der sich auf ein funktionierendes und belastbares Netzwerk von Experten st\u00fctzt. Auf diese Weise sind in meiner Arbeit, die positiven Bedingungen f\u00fcr erfolgreiche Kooperationen geschaffen.<\/p>\n<p>Zur Erarbeitung von individuellen, kundenspezifischen Strategien im Bereich der Transaktionen werden eingesetzt:<\/p>\n<ul>\n<li>aktuelle Marktaussagen<\/li>\n<li>realistische Bewertungen<\/li>\n<li>genaue Portfolio-Analysen<\/li>\n<li>perspektivische Steigerungspotenziale<\/li>\n<li>differenzierte Zielgruppenanalysen<\/li>\n<li>innovative Vermarktungskonzepte<\/li>\n<li>Organisation von Logistik und Durchf\u00fchrung<\/li>\n<\/ul>\n<\/div><div class=\"fusion-sep-clear\"><\/div><div class=\"fusion-separator fusion-full-width-sep sep-none\" style=\"margin-left: auto;margin-right: auto;margin-top:20px;margin-bottom:20px;\"><\/div><div class=\"fusion-button-wrapper fusion-aligncenter\"><style type=\"text\/css\">.fusion-button.button-1 {border-radius:0px;}<\/style><a class=\"fusion-button button-flat fusion-button-default-size button-default button-1 fusion-button-default-span \" target=\"_self\" href=\"https:\/\/www.silena.biz\/handels-gmbh\/kompetenzen\/\"><i class=\"fa-angle-left fas button-icon-left\"><\/i><span class=\"fusion-button-text\">Zur\u00fcck<\/span><\/a><\/div><div class=\"fusion-clearfix\"><\/div><\/div><\/div><\/div><\/div><style type=\"text\/css\">.fusion-fullwidth.fusion-builder-row-1 a:not(.fusion-button):not(.fusion-builder-module-control):not(.fusion-social-network-icon):not(.fb-icon-element):not(.fusion-countdown-link):not(.fusion-rollover-link):not(.fusion-rollover-gallery):not(.fusion-button-bar):not(.add_to_cart_button):not(.show_details_button):not(.product_type_external):not(.fusion-quick-view):not(.fusion-rollover-title-link):not(.fusion-breadcrumb-link) , .fusion-fullwidth.fusion-builder-row-1 a:not(.fusion-button):not(.fusion-builder-module-control):not(.fusion-social-network-icon):not(.fb-icon-element):not(.fusion-countdown-link):not(.fusion-rollover-link):not(.fusion-rollover-gallery):not(.fusion-button-bar):not(.add_to_cart_button):not(.show_details_button):not(.product_type_external):not(.fusion-quick-view):not(.fusion-rollover-title-link):not(.fusion-breadcrumb-link):before, .fusion-fullwidth.fusion-builder-row-1 a:not(.fusion-button):not(.fusion-builder-module-control):not(.fusion-social-network-icon):not(.fb-icon-element):not(.fusion-countdown-link):not(.fusion-rollover-link):not(.fusion-rollover-gallery):not(.fusion-button-bar):not(.add_to_cart_button):not(.show_details_button):not(.product_type_external):not(.fusion-quick-view):not(.fusion-rollover-title-link):not(.fusion-breadcrumb-link):after {color: #00bcd4;}.fusion-fullwidth.fusion-builder-row-1 a:not(.fusion-button):not(.fusion-builder-module-control):not(.fusion-social-network-icon):not(.fb-icon-element):not(.fusion-countdown-link):not(.fusion-rollover-link):not(.fusion-rollover-gallery):not(.fusion-button-bar):not(.add_to_cart_button):not(.show_details_button):not(.product_type_external):not(.fusion-quick-view):not(.fusion-rollover-title-link):not(.fusion-breadcrumb-link):hover, .fusion-fullwidth.fusion-builder-row-1 a:not(.fusion-button):not(.fusion-builder-module-control):not(.fusion-social-network-icon):not(.fb-icon-element):not(.fusion-countdown-link):not(.fusion-rollover-link):not(.fusion-rollover-gallery):not(.fusion-button-bar):not(.add_to_cart_button):not(.show_details_button):not(.product_type_external):not(.fusion-quick-view):not(.fusion-rollover-title-link):not(.fusion-breadcrumb-link):hover:before, .fusion-fullwidth.fusion-builder-row-1 a:not(.fusion-button):not(.fusion-builder-module-control):not(.fusion-social-network-icon):not(.fb-icon-element):not(.fusion-countdown-link):not(.fusion-rollover-link):not(.fusion-rollover-gallery):not(.fusion-button-bar):not(.add_to_cart_button):not(.show_details_button):not(.product_type_external):not(.fusion-quick-view):not(.fusion-rollover-title-link):not(.fusion-breadcrumb-link):hover:after {color: #00bcd4;}.fusion-fullwidth.fusion-builder-row-1 .pagination a.inactive:hover, .fusion-fullwidth.fusion-builder-row-1 .fusion-filters .fusion-filter.fusion-active a {border-color: #00bcd4;}.fusion-fullwidth.fusion-builder-row-1 .pagination .current {border-color: #00bcd4; background-color: #00bcd4;}.fusion-fullwidth.fusion-builder-row-1 .fusion-filters .fusion-filter.fusion-active a, .fusion-fullwidth.fusion-builder-row-1 .fusion-date-and-formats .fusion-format-box, .fusion-fullwidth.fusion-builder-row-1 .fusion-popover, .fusion-fullwidth.fusion-builder-row-1 .tooltip-shortcode {color: #00bcd4;}#main .fusion-fullwidth.fusion-builder-row-1 .post .blog-shortcode-post-title a:hover {color: #00bcd4;}<\/style>\n","protected":false},"excerpt":{"rendered":"","protected":false},"author":1,"featured_media":0,"parent":0,"menu_order":0,"comment_status":"closed","ping_status":"closed","template":"","meta":{"footnotes":""},"class_list":["post-14","page","type-page","status-publish","hentry"],"_links":{"self":[{"href":"https:\/\/www.silena.biz\/handels-gmbh\/wp-json\/wp\/v2\/pages\/14","targetHints":{"allow":["GET"]}}],"collection":[{"href":"https:\/\/www.silena.biz\/handels-gmbh\/wp-json\/wp\/v2\/pages"}],"about":[{"href":"https:\/\/www.silena.biz\/handels-gmbh\/wp-json\/wp\/v2\/types\/page"}],"author":[{"embeddable":true,"href":"https:\/\/www.silena.biz\/handels-gmbh\/wp-json\/wp\/v2\/users\/1"}],"replies":[{"embeddable":true,"href":"https:\/\/www.silena.biz\/handels-gmbh\/wp-json\/wp\/v2\/comments?post=14"}],"version-history":[{"count":9,"href":"https:\/\/www.silena.biz\/handels-gmbh\/wp-json\/wp\/v2\/pages\/14\/revisions"}],"predecessor-version":[{"id":150,"href":"https:\/\/www.silena.biz\/handels-gmbh\/wp-json\/wp\/v2\/pages\/14\/revisions\/150"}],"wp:attachment":[{"href":"https:\/\/www.silena.biz\/handels-gmbh\/wp-json\/wp\/v2\/media?parent=14"}],"curies":[{"name":"wp","href":"https:\/\/api.w.org\/{rel}","templated":true}]}}