{"id":32,"date":"2012-12-13T17:20:52","date_gmt":"2012-12-13T15:20:52","guid":{"rendered":"http:\/\/www.silena.biz\/cms\/?page_id=32"},"modified":"2020-06-01T11:47:45","modified_gmt":"2020-06-01T09:47:45","slug":"dr-jarden-kranz","status":"publish","type":"page","link":"https:\/\/www.silena.biz\/cms\/wer-wir-sind\/dr-jarden-kranz\/","title":{"rendered":"Dr. Jarden Kranz"},"content":{"rendered":"<p>Studium der Politologie an der J. W. Goethe-Universit\u00e4t, Frankfurt am Main. Abschluss als Politologe (MA); Promotion in Soziologie und Politologie an der J.W.Goethe-Universit\u00e4t Frankfurt\/Main. Studium von Business, Leadership and Management an der City-University of Washington (Seattle)<\/p>\n<p>Doktorand und Lehrbeauftragter der J.W.Goethe-Universit\u00e4t, Frankfurt am Main im Fachbereich Politologie und an der UAS, University of Applied Sciences, Frankfurt am Main<\/p>\n<p>Gr\u00fcndung und Leitung der Silena Handelsgesellschaft und in diesem Zusammenhang in beratenden T\u00e4tigkeiten f\u00fcr englische und israelische Konzerne und b\u00f6rsengelistete Unternehmen, zumeist in den Bereichen Immobilien, IT und Digitalisierung.<\/p>\n","protected":false},"excerpt":{"rendered":"<p>Studium der Politologie an der J. W. Goethe-Universit\u00e4t, Frankfurt am Main. Abschluss als Politologe (MA); Promotion in Soziologie und Politologie an der J.W.Goethe-Universit\u00e4t Frankfurt\/Main. Studium von Business, Leadership and Management an der City-University of Washington&#8230;<\/p>\n","protected":false},"author":2,"featured_media":0,"parent":10,"menu_order":2,"comment_status":"closed","ping_status":"closed","template":"page-template-wide.php","meta":{"footnotes":""},"class_list":["post-32","page","type-page","status-publish","hentry"],"_links":{"self":[{"href":"https:\/\/www.silena.biz\/cms\/wp-json\/wp\/v2\/pages\/32","targetHints":{"allow":["GET"]}}],"collection":[{"href":"https:\/\/www.silena.biz\/cms\/wp-json\/wp\/v2\/pages"}],"about":[{"href":"https:\/\/www.silena.biz\/cms\/wp-json\/wp\/v2\/types\/page"}],"author":[{"embeddable":true,"href":"https:\/\/www.silena.biz\/cms\/wp-json\/wp\/v2\/users\/2"}],"replies":[{"embeddable":true,"href":"https:\/\/www.silena.biz\/cms\/wp-json\/wp\/v2\/comments?post=32"}],"version-history":[{"count":34,"href":"https:\/\/www.silena.biz\/cms\/wp-json\/wp\/v2\/pages\/32\/revisions"}],"predecessor-version":[{"id":68,"href":"https:\/\/www.silena.biz\/cms\/wp-json\/wp\/v2\/pages\/32\/revisions\/68"}],"up":[{"embeddable":true,"href":"https:\/\/www.silena.biz\/cms\/wp-json\/wp\/v2\/pages\/10"}],"wp:attachment":[{"href":"https:\/\/www.silena.biz\/cms\/wp-json\/wp\/v2\/media?parent=32"}],"curies":[{"name":"wp","href":"https:\/\/api.w.org\/{rel}","templated":true}]}}