{"id":29,"date":"2012-12-13T17:20:08","date_gmt":"2012-12-13T15:20:08","guid":{"rendered":"http:\/\/www.silena.biz\/cms\/?page_id=29"},"modified":"2020-06-01T12:02:29","modified_gmt":"2020-06-01T10:02:29","slug":"prof-dr-rainer-hess","status":"publish","type":"page","link":"https:\/\/www.silena.biz\/cms\/wer-wir-sind\/prof-dr-rainer-hess\/","title":{"rendered":"Prof. Dr. Rainer Hess"},"content":{"rendered":"<p>Studium der Psychologie, Philosophie und vorklinischen Medizin an der Philipps-Universit\u00e4t in Marburg\/Lahn; Abschluss als Diplom-Psychologe; Promotion in Soziologie und Politologie an der J.W.Goethe-Universit\u00e4t Frankfurt\/Main.<\/p>\n<ul>\n<li>Drei Jahre T\u00e4tigkeit f\u00fcr die Deutsche Gesellschaft f\u00fcr Personalwesen e.V. Frankfurt\/Main mit dem Aufgabengebiet Eignungs- und Pers\u00f6nlichkeitsdiagnostik (Ausw\u00e4rtiges Amt Bonn; Unilever Hamburg; BASF Ludwigshafen; LKA Wiesbaden; Innenministerien Hessen, NRW, Niedersachsen, Bremen; Stadt Frankfurt, Stadt Hannover etc.<\/li>\n<li>Referent an der Polizeiakademie Hiltrup<\/li>\n<li>1972 Professur f\u00fcr Psychologie mit Schwerpunkt Kommunikation\/Beratung\/Therapie an der UAS \u2013 University of Applied Sciences Frankfurt\/Main<\/li>\n<li>Entwicklung und Durchf\u00fchrung eines Curriculums zur Qualifizierung von Ausbildern der Fraport AG, Frankfurt\/Main<\/li>\n<li>Entwicklung und Durchf\u00fchrung eines Curriculums zur Qualifizierung von Sozialbetreuern eines Tr\u00e4gers der Freien Wohlfahrtspflege<\/li>\n<li>Gr\u00fcndung und Leitung von \u201aikomp-Institut f\u00fcr Kommunikation und Pers\u00f6nlichkeitsentwicklung\u2018 Frankfurt\/Main<\/li>\n<li>Mitarbeit in einer Psychotherapeutischen Praxisgemeinschaft mit dem Schwerpunkt Psychologische Beratung und Krisenmanagement.<\/li>\n<\/ul>\n","protected":false},"excerpt":{"rendered":"<p>Studium der Psychologie, Philosophie und vorklinischen Medizin an der Philipps-Universit\u00e4t in Marburg\/Lahn; Abschluss als Diplom-Psychologe; Promotion in Soziologie und Politologie an der J.W.Goethe-Universit\u00e4t Frankfurt\/Main. Drei Jahre T\u00e4tigkeit f\u00fcr die Deutsche Gesellschaft f\u00fcr Personalwesen e.V. Frankfurt\/Main&#8230;<\/p>\n","protected":false},"author":2,"featured_media":0,"parent":10,"menu_order":1,"comment_status":"closed","ping_status":"closed","template":"page-template-wide.php","meta":{"footnotes":""},"class_list":["post-29","page","type-page","status-publish","hentry"],"_links":{"self":[{"href":"https:\/\/www.silena.biz\/cms\/wp-json\/wp\/v2\/pages\/29","targetHints":{"allow":["GET"]}}],"collection":[{"href":"https:\/\/www.silena.biz\/cms\/wp-json\/wp\/v2\/pages"}],"about":[{"href":"https:\/\/www.silena.biz\/cms\/wp-json\/wp\/v2\/types\/page"}],"author":[{"embeddable":true,"href":"https:\/\/www.silena.biz\/cms\/wp-json\/wp\/v2\/users\/2"}],"replies":[{"embeddable":true,"href":"https:\/\/www.silena.biz\/cms\/wp-json\/wp\/v2\/comments?post=29"}],"version-history":[{"count":29,"href":"https:\/\/www.silena.biz\/cms\/wp-json\/wp\/v2\/pages\/29\/revisions"}],"predecessor-version":[{"id":306,"href":"https:\/\/www.silena.biz\/cms\/wp-json\/wp\/v2\/pages\/29\/revisions\/306"}],"up":[{"embeddable":true,"href":"https:\/\/www.silena.biz\/cms\/wp-json\/wp\/v2\/pages\/10"}],"wp:attachment":[{"href":"https:\/\/www.silena.biz\/cms\/wp-json\/wp\/v2\/media?parent=29"}],"curies":[{"name":"wp","href":"https:\/\/api.w.org\/{rel}","templated":true}]}}