{"id":237,"date":"2013-02-28T09:31:32","date_gmt":"2013-02-28T07:31:32","guid":{"rendered":"http:\/\/www.silena.biz\/cms\/?page_id=237"},"modified":"2020-06-01T11:39:44","modified_gmt":"2020-06-01T09:39:44","slug":"leadership-developement","status":"publish","type":"page","link":"https:\/\/www.silena.biz\/cms\/leadership-developement\/","title":{"rendered":"Leadership Developement"},"content":{"rendered":"<p>F\u00fchrungsqualit\u00e4t verlangt nach einem ganzen Komplex von F\u00e4higkeiten. Neben den Basiskompetenzen Kommunikation und Social Skills sind Pers\u00f6nlichkeitsmerkmale gefragt wie:<\/p>\n<ul>\n<li>Bereitschaft, Verantwortung zu \u00fcbernehmen<\/li>\n<li>Entscheidungsf\u00e4higkeit<\/li>\n<li>F\u00e4higkeit, andere zu motivieren<\/li>\n<li>Bereitschaft, eine F\u00fchrungsrolle auszuf\u00fcllen<\/li>\n<li>Reflexion der eigenen Person (self-coaching)<\/li>\n<\/ul>\n<p><strong>SILENA<\/strong> bietet verschiedene Formen von spezialisierten Trainings an, die diese Eigenschaften je nach Bedarf entwickeln, f\u00f6rdern oder verst\u00e4rken.<\/p>\n<p><a title=\"WAS WIR ANBIETEN\" href=\"http:\/\/www.silena.biz\/cms\/was-wir-anbieten\/\">&lt;-ZUR\u00dcCK<\/a><\/p>\n","protected":false},"excerpt":{"rendered":"<p>F\u00fchrungsqualit\u00e4t verlangt nach einem ganzen Komplex von F\u00e4higkeiten. Neben den Basiskompetenzen Kommunikation und Social Skills sind Pers\u00f6nlichkeitsmerkmale gefragt wie: Bereitschaft, Verantwortung zu \u00fcbernehmen Entscheidungsf\u00e4higkeit F\u00e4higkeit, andere zu motivieren Bereitschaft, eine F\u00fchrungsrolle auszuf\u00fcllen Reflexion der eigenen&#8230;<\/p>\n","protected":false},"author":2,"featured_media":0,"parent":0,"menu_order":0,"comment_status":"closed","ping_status":"closed","template":"page-template-wide.php","meta":{"footnotes":""},"class_list":["post-237","page","type-page","status-publish","hentry"],"_links":{"self":[{"href":"https:\/\/www.silena.biz\/cms\/wp-json\/wp\/v2\/pages\/237","targetHints":{"allow":["GET"]}}],"collection":[{"href":"https:\/\/www.silena.biz\/cms\/wp-json\/wp\/v2\/pages"}],"about":[{"href":"https:\/\/www.silena.biz\/cms\/wp-json\/wp\/v2\/types\/page"}],"author":[{"embeddable":true,"href":"https:\/\/www.silena.biz\/cms\/wp-json\/wp\/v2\/users\/2"}],"replies":[{"embeddable":true,"href":"https:\/\/www.silena.biz\/cms\/wp-json\/wp\/v2\/comments?post=237"}],"version-history":[{"count":6,"href":"https:\/\/www.silena.biz\/cms\/wp-json\/wp\/v2\/pages\/237\/revisions"}],"predecessor-version":[{"id":294,"href":"https:\/\/www.silena.biz\/cms\/wp-json\/wp\/v2\/pages\/237\/revisions\/294"}],"wp:attachment":[{"href":"https:\/\/www.silena.biz\/cms\/wp-json\/wp\/v2\/media?parent=237"}],"curies":[{"name":"wp","href":"https:\/\/api.w.org\/{rel}","templated":true}]}}