{"id":233,"date":"2013-02-28T09:30:31","date_gmt":"2013-02-28T07:30:31","guid":{"rendered":"http:\/\/www.silena.biz\/cms\/?page_id=233"},"modified":"2020-06-01T11:43:23","modified_gmt":"2020-06-01T09:43:23","slug":"troubleshooting","status":"publish","type":"page","link":"https:\/\/www.silena.biz\/cms\/troubleshooting\/","title":{"rendered":"Troubleshooting"},"content":{"rendered":"<p>Unsere Outdoor-Aktivit\u00e4ten f\u00f6rdern Teamgeist, Verantwortungsbewusstsein und Sozialkompetenz im Sinne einer Corporate Identity. Das Ziel jedes Teamtrainings ist die Herausbildung von gemeinschaftlich getragenen Orientierungen und die Erfahrung von gelungener Kommunikation\/Kooperation. Outdoor-Trainings haben immer auch einen Bonus- und Incentive-Charakter, der belohnend und dadurch identit\u00e4tsstiftend wirkt.<br \/>\n<strong>SILENA<\/strong> organisiert und begleitet diese Aktivit\u00e4ten, die nach Ihren W\u00fcnschen und Vorstellungen gestaltet werden k\u00f6nnen.<\/p>\n<p><a title=\"WAS WIR ANBIETEN\" href=\"http:\/\/www.silena.biz\/cms\/was-wir-anbieten\/\">&lt;-ZUR\u00dcCK<\/a><\/p>\n","protected":false},"excerpt":{"rendered":"<p>Unsere Outdoor-Aktivit\u00e4ten f\u00f6rdern Teamgeist, Verantwortungsbewusstsein und Sozialkompetenz im Sinne einer Corporate Identity. Das Ziel jedes Teamtrainings ist die Herausbildung von gemeinschaftlich getragenen Orientierungen und die Erfahrung von gelungener Kommunikation\/Kooperation. Outdoor-Trainings haben immer auch einen Bonus-&#8230;<\/p>\n","protected":false},"author":2,"featured_media":0,"parent":0,"menu_order":0,"comment_status":"closed","ping_status":"closed","template":"page-template-wide.php","meta":{"footnotes":""},"class_list":["post-233","page","type-page","status-publish","hentry"],"_links":{"self":[{"href":"https:\/\/www.silena.biz\/cms\/wp-json\/wp\/v2\/pages\/233","targetHints":{"allow":["GET"]}}],"collection":[{"href":"https:\/\/www.silena.biz\/cms\/wp-json\/wp\/v2\/pages"}],"about":[{"href":"https:\/\/www.silena.biz\/cms\/wp-json\/wp\/v2\/types\/page"}],"author":[{"embeddable":true,"href":"https:\/\/www.silena.biz\/cms\/wp-json\/wp\/v2\/users\/2"}],"replies":[{"embeddable":true,"href":"https:\/\/www.silena.biz\/cms\/wp-json\/wp\/v2\/comments?post=233"}],"version-history":[{"count":4,"href":"https:\/\/www.silena.biz\/cms\/wp-json\/wp\/v2\/pages\/233\/revisions"}],"predecessor-version":[{"id":299,"href":"https:\/\/www.silena.biz\/cms\/wp-json\/wp\/v2\/pages\/233\/revisions\/299"}],"wp:attachment":[{"href":"https:\/\/www.silena.biz\/cms\/wp-json\/wp\/v2\/media?parent=233"}],"curies":[{"name":"wp","href":"https:\/\/api.w.org\/{rel}","templated":true}]}}