{"id":231,"date":"2013-02-28T09:30:06","date_gmt":"2013-02-28T07:30:06","guid":{"rendered":"http:\/\/www.silena.biz\/cms\/?page_id=231"},"modified":"2020-06-01T11:42:32","modified_gmt":"2020-06-01T09:42:32","slug":"konfliktmanagement","status":"publish","type":"page","link":"https:\/\/www.silena.biz\/cms\/konfliktmanagement\/","title":{"rendered":"Konfliktmanagement"},"content":{"rendered":"<p>Wo Menschen miteinander arbeiten oder arbeiten m\u00fcssen, k\u00f6nnen Konflikte entstehen. In jedem Unternehmen gibt es M\u00f6glichkeiten, solche Konflikte beizulegen, ehe es zu ernsthafteren St\u00f6rungen kommt. Wenn sich solche Konflikte allerdings \u201achronisch\u2018 verh\u00e4rten, bleiben die \u00fcblichen Instrumente zur Bew\u00e4ltigung h\u00e4ufig wirkungslos.<\/p>\n<p><strong>SILENA<\/strong> bietet f\u00fcr solche F\u00e4lle ein Konfliktmanagement an, das dem Unternehmen wie den Konfliktpartnern deutliche Vorteile bietet.<\/p>\n<p><strong>SILENA<\/strong><\/p>\n<ul>\n<li>hat professionelle L\u00f6sungskompetenz<\/li>\n<li>ist nicht Konfliktpartei<\/li>\n<li>verfolgt keine eigenen Ziele<\/li>\n<li>bietet L\u00f6sungen \u201avon au\u00dfen\u2018 an<\/li>\n<\/ul>\n<p>und entlastet damit vor allem von unangenehmen Aufgaben.<\/p>\n<p><a title=\"WAS WIR ANBIETEN\" href=\"http:\/\/www.silena.biz\/cms\/was-wir-anbieten\/\">&lt;-ZUR\u00dcCK<\/a><\/p>\n","protected":false},"excerpt":{"rendered":"<p>Wo Menschen miteinander arbeiten oder arbeiten m\u00fcssen, k\u00f6nnen Konflikte entstehen. In jedem Unternehmen gibt es M\u00f6glichkeiten, solche Konflikte beizulegen, ehe es zu ernsthafteren St\u00f6rungen kommt. Wenn sich solche Konflikte allerdings \u201achronisch\u2018 verh\u00e4rten, bleiben die \u00fcblichen&#8230;<\/p>\n","protected":false},"author":2,"featured_media":0,"parent":0,"menu_order":0,"comment_status":"closed","ping_status":"closed","template":"page-template-wide.php","meta":{"footnotes":""},"class_list":["post-231","page","type-page","status-publish","hentry"],"_links":{"self":[{"href":"https:\/\/www.silena.biz\/cms\/wp-json\/wp\/v2\/pages\/231","targetHints":{"allow":["GET"]}}],"collection":[{"href":"https:\/\/www.silena.biz\/cms\/wp-json\/wp\/v2\/pages"}],"about":[{"href":"https:\/\/www.silena.biz\/cms\/wp-json\/wp\/v2\/types\/page"}],"author":[{"embeddable":true,"href":"https:\/\/www.silena.biz\/cms\/wp-json\/wp\/v2\/users\/2"}],"replies":[{"embeddable":true,"href":"https:\/\/www.silena.biz\/cms\/wp-json\/wp\/v2\/comments?post=231"}],"version-history":[{"count":6,"href":"https:\/\/www.silena.biz\/cms\/wp-json\/wp\/v2\/pages\/231\/revisions"}],"predecessor-version":[{"id":298,"href":"https:\/\/www.silena.biz\/cms\/wp-json\/wp\/v2\/pages\/231\/revisions\/298"}],"wp:attachment":[{"href":"https:\/\/www.silena.biz\/cms\/wp-json\/wp\/v2\/media?parent=231"}],"curies":[{"name":"wp","href":"https:\/\/api.w.org\/{rel}","templated":true}]}}