{"id":2,"date":"2012-12-13T14:50:17","date_gmt":"2012-12-13T14:50:17","guid":{"rendered":"http:\/\/www.silena.biz\/cms\/?page_id=2"},"modified":"2020-06-01T12:08:56","modified_gmt":"2020-06-01T10:08:56","slug":"beispiel-seite","status":"publish","type":"page","link":"https:\/\/www.silena.biz\/cms\/","title":{"rendered":"WILLKOMMEN BEI SILENA CONSULT"},"content":{"rendered":"<p><img loading=\"lazy\" decoding=\"async\" src=\"https:\/\/www.silena.biz\/cms\/wp-content\/uploads\/2012\/12\/sample-header-startseite-neu1.png\" alt=\"\" width=\"660\" height=\"180\" class=\"alignnone size-full wp-image-208\" srcset=\"https:\/\/www.silena.biz\/cms\/wp-content\/uploads\/2012\/12\/sample-header-startseite-neu1.png 660w, https:\/\/www.silena.biz\/cms\/wp-content\/uploads\/2012\/12\/sample-header-startseite-neu1-300x81.png 300w\" sizes=\"auto, (max-width: 660px) 100vw, 660px\" \/><\/p>\n<p>Anpassung und Ver\u00e4nderung von Individuen und Strukturen sind Grundbedingungen f\u00fcr die Optimierung aller biologischen und sozialen Systeme, die sich dauerhaft behaupten wollen. Das ist in der Natur nicht anders als in Betrieben, Instituten, Verwaltungen und Verb\u00e4nden. Wir helfen ihnen, ihr Optimierungspotential auszusch\u00f6pfen und zu vergr\u00f6\u00dfern.<\/p>\n","protected":false},"excerpt":{"rendered":"<p>Anpassung und Ver\u00e4nderung von Individuen und Strukturen sind Grundbedingungen f\u00fcr die Optimierung aller biologischen und sozialen Systeme, die sich dauerhaft behaupten wollen. Das ist in der Natur nicht anders als in Betrieben, Instituten, Verwaltungen und&#8230;<\/p>\n","protected":false},"author":2,"featured_media":208,"parent":0,"menu_order":0,"comment_status":"open","ping_status":"open","template":"page-template-wide.php","meta":{"footnotes":""},"class_list":["post-2","page","type-page","status-publish","has-post-thumbnail","hentry"],"_links":{"self":[{"href":"https:\/\/www.silena.biz\/cms\/wp-json\/wp\/v2\/pages\/2","targetHints":{"allow":["GET"]}}],"collection":[{"href":"https:\/\/www.silena.biz\/cms\/wp-json\/wp\/v2\/pages"}],"about":[{"href":"https:\/\/www.silena.biz\/cms\/wp-json\/wp\/v2\/types\/page"}],"author":[{"embeddable":true,"href":"https:\/\/www.silena.biz\/cms\/wp-json\/wp\/v2\/users\/2"}],"replies":[{"embeddable":true,"href":"https:\/\/www.silena.biz\/cms\/wp-json\/wp\/v2\/comments?post=2"}],"version-history":[{"count":32,"href":"https:\/\/www.silena.biz\/cms\/wp-json\/wp\/v2\/pages\/2\/revisions"}],"predecessor-version":[{"id":308,"href":"https:\/\/www.silena.biz\/cms\/wp-json\/wp\/v2\/pages\/2\/revisions\/308"}],"wp:featuredmedia":[{"embeddable":true,"href":"https:\/\/www.silena.biz\/cms\/wp-json\/wp\/v2\/media\/208"}],"wp:attachment":[{"href":"https:\/\/www.silena.biz\/cms\/wp-json\/wp\/v2\/media?parent=2"}],"curies":[{"name":"wp","href":"https:\/\/api.w.org\/{rel}","templated":true}]}}