{"id":12,"date":"2012-12-13T17:03:50","date_gmt":"2012-12-13T15:03:50","guid":{"rendered":"http:\/\/www.silena.biz\/cms\/?page_id=12"},"modified":"2020-06-01T12:04:25","modified_gmt":"2020-06-01T10:04:25","slug":"kontakt","status":"publish","type":"page","link":"https:\/\/www.silena.biz\/cms\/kontakt\/","title":{"rendered":"KONTAKT"},"content":{"rendered":"<p>SILENA Handels GmbH<br \/>\nc\/o Dr. Jarden Kranz<br \/>\nRheinstra\u00dfe 22<br \/>\n60325 Frankfurt<\/p>\n<p>E-Mail: info@silena.biz<\/p>\n<p><!---\n\n\n<h3>Wir freuen uns auf Ihre Nachricht<\/h3>\n\n\n\nDie folgenden Angaben helfen uns, Ihre Frage so pr\u00e4zise wie m\u00f6glich beantworten zu k\u00f6nnen.\n[contact-form-7 id=\"86\" title=\"Kontaktformular 1\"]\n---><\/p>\n","protected":false},"excerpt":{"rendered":"<p>SILENA Handels GmbH c\/o Dr. Jarden Kranz Rheinstra\u00dfe 22 60325 Frankfurt E-Mail: info@silena.biz<\/p>\n","protected":false},"author":2,"featured_media":0,"parent":0,"menu_order":4,"comment_status":"closed","ping_status":"closed","template":"page-template-wide.php","meta":{"footnotes":""},"class_list":["post-12","page","type-page","status-publish","hentry"],"_links":{"self":[{"href":"https:\/\/www.silena.biz\/cms\/wp-json\/wp\/v2\/pages\/12","targetHints":{"allow":["GET"]}}],"collection":[{"href":"https:\/\/www.silena.biz\/cms\/wp-json\/wp\/v2\/pages"}],"about":[{"href":"https:\/\/www.silena.biz\/cms\/wp-json\/wp\/v2\/types\/page"}],"author":[{"embeddable":true,"href":"https:\/\/www.silena.biz\/cms\/wp-json\/wp\/v2\/users\/2"}],"replies":[{"embeddable":true,"href":"https:\/\/www.silena.biz\/cms\/wp-json\/wp\/v2\/comments?post=12"}],"version-history":[{"count":11,"href":"https:\/\/www.silena.biz\/cms\/wp-json\/wp\/v2\/pages\/12\/revisions"}],"predecessor-version":[{"id":307,"href":"https:\/\/www.silena.biz\/cms\/wp-json\/wp\/v2\/pages\/12\/revisions\/307"}],"wp:attachment":[{"href":"https:\/\/www.silena.biz\/cms\/wp-json\/wp\/v2\/media?parent=12"}],"curies":[{"name":"wp","href":"https:\/\/api.w.org\/{rel}","templated":true}]}}